{"id":24,"date":"2023-02-20T14:32:12","date_gmt":"2023-02-20T14:32:12","guid":{"rendered":"https:\/\/portal.seccimbio.com\/cms\/?page_id=24"},"modified":"2023-12-10T14:17:16","modified_gmt":"2023-12-10T14:17:16","slug":"elementor-24","status":"publish","type":"page","link":"https:\/\/portal.seccimbio.com\/cms\/elementor-24\/","title":{"rendered":"Quienes Somos"},"content":{"rendered":"\t\t<div data-elementor-type=\"wp-page\" data-elementor-id=\"24\" class=\"elementor elementor-24\">\n\t\t\t\t\t\t\t\t\t<section class=\"elementor-section elementor-top-section elementor-element elementor-element-b728e0d elementor-section-boxed elementor-section-height-default elementor-section-height-default qodef-elementor-content-no\" data-id=\"b728e0d\" data-element_type=\"section\">\n\t\t\t\t\t\t<div class=\"elementor-container elementor-column-gap-default\">\n\t\t\t\t\t<div class=\"elementor-column elementor-col-100 elementor-top-column elementor-element elementor-element-3fee0b1\" data-id=\"3fee0b1\" data-element_type=\"column\">\n\t\t\t<div class=\"elementor-widget-wrap elementor-element-populated\">\n\t\t\t\t\t\t\t\t<div class=\"elementor-element elementor-element-3b4e345 elementor-widget elementor-widget-image\" data-id=\"3b4e345\" data-element_type=\"widget\" data-widget_type=\"image.default\">\n\t\t\t\t<div class=\"elementor-widget-container\">\n\t\t\t<style>\/*! elementor - v3.11.1 - 15-02-2023 *\/\n.elementor-widget-image{text-align:center}.elementor-widget-image a{display:inline-block}.elementor-widget-image a img[src$=\".svg\"]{width:48px}.elementor-widget-image img{vertical-align:middle;display:inline-block}<\/style>\t\t\t\t\t\t\t\t\t\t\t\t<img decoding=\"async\" width=\"1024\" height=\"287\" src=\"https:\/\/portal.seccimbio.com\/cms\/wp-content\/uploads\/2023\/02\/Logo-1024x287.jpg\" class=\"attachment-large size-large wp-image-26\" alt=\"\" loading=\"lazy\" srcset=\"https:\/\/portal.seccimbio.com\/cms\/wp-content\/uploads\/2023\/02\/Logo-1024x287.jpg 1024w, https:\/\/portal.seccimbio.com\/cms\/wp-content\/uploads\/2023\/02\/Logo-600x168.jpg 600w, https:\/\/portal.seccimbio.com\/cms\/wp-content\/uploads\/2023\/02\/Logo-300x84.jpg 300w, https:\/\/portal.seccimbio.com\/cms\/wp-content\/uploads\/2023\/02\/Logo-768x215.jpg 768w, https:\/\/portal.seccimbio.com\/cms\/wp-content\/uploads\/2023\/02\/Logo-1536x431.jpg 1536w, https:\/\/portal.seccimbio.com\/cms\/wp-content\/uploads\/2023\/02\/Logo.jpg 1726w\" sizes=\"(max-width: 1024px) 100vw, 1024px\" \/>\t\t\t\t\t\t\t\t\t\t\t\t\t\t\t<\/div>\n\t\t\t\t<\/div>\n\t\t\t\t\t<\/div>\n\t\t<\/div>\n\t\t\t\t\t\t\t<\/div>\n\t\t<\/section>\n\t\t\t\t<section class=\"elementor-section elementor-top-section elementor-element elementor-element-c1566e2 elementor-section-boxed elementor-section-height-default elementor-section-height-default qodef-elementor-content-no\" data-id=\"c1566e2\" data-element_type=\"section\">\n\t\t\t\t\t\t<div class=\"elementor-container elementor-column-gap-default\">\n\t\t\t\t\t<div class=\"elementor-column elementor-col-100 elementor-top-column elementor-element elementor-element-72e44d3\" data-id=\"72e44d3\" data-element_type=\"column\">\n\t\t\t<div class=\"elementor-widget-wrap elementor-element-populated\">\n\t\t\t\t\t\t\t\t<div class=\"elementor-element elementor-element-008125e elementor-widget elementor-widget-text-editor\" data-id=\"008125e\" data-element_type=\"widget\" data-widget_type=\"text-editor.default\">\n\t\t\t\t<div class=\"elementor-widget-container\">\n\t\t\t<style>\/*! elementor - v3.11.1 - 15-02-2023 *\/\n.elementor-widget-text-editor.elementor-drop-cap-view-stacked .elementor-drop-cap{background-color:#818a91;color:#fff}.elementor-widget-text-editor.elementor-drop-cap-view-framed .elementor-drop-cap{color:#818a91;border:3px solid;background-color:transparent}.elementor-widget-text-editor:not(.elementor-drop-cap-view-default) .elementor-drop-cap{margin-top:8px}.elementor-widget-text-editor:not(.elementor-drop-cap-view-default) .elementor-drop-cap-letter{width:1em;height:1em}.elementor-widget-text-editor .elementor-drop-cap{float:left;text-align:center;line-height:1;font-size:50px}.elementor-widget-text-editor .elementor-drop-cap-letter{display:inline-block}<\/style>\t\t\t\t<p>El CCIMBIO-Coiba es un centro de investigaci\u00f3n pensado y desarrollado para la investigaci\u00f3n de la biodiversidad en el Parque Nacional Coiba, la Zona Especial de Protecci\u00f3n Marina de Banco Hannibal y Montuosa, as\u00ed como la zona de influencia, localizada en el \u00e1rea costera de las provincias de Veraguas y Chiriqu\u00ed.<\/p>\t\t\t\t\t\t<\/div>\n\t\t\t\t<\/div>\n\t\t\t\t\t<\/div>\n\t\t<\/div>\n\t\t\t\t\t\t\t<\/div>\n\t\t<\/section>\n\t\t\t\t<section class=\"elementor-section elementor-top-section elementor-element elementor-element-634e7e1 elementor-section-boxed elementor-section-height-default elementor-section-height-default qodef-elementor-content-no\" data-id=\"634e7e1\" data-element_type=\"section\">\n\t\t\t\t\t\t<div class=\"elementor-container elementor-column-gap-default\">\n\t\t\t\t\t<div class=\"elementor-column elementor-col-100 elementor-top-column elementor-element elementor-element-4a1b4e8\" data-id=\"4a1b4e8\" data-element_type=\"column\">\n\t\t\t<div class=\"elementor-widget-wrap elementor-element-populated\">\n\t\t\t\t\t\t\t\t<div class=\"elementor-element elementor-element-3b176e8 elementor-widget elementor-widget-text-editor\" data-id=\"3b176e8\" data-element_type=\"widget\" data-widget_type=\"text-editor.default\">\n\t\t\t\t<div class=\"elementor-widget-container\">\n\t\t\t\t\t\t\t<p>Es un Centro multidisciplinario que enfoca su acci\u00f3n hacia caracterizaci\u00f3n y uso sostenible de la biodiversidad, as\u00ed como los aspectos ecol\u00f3gicos que explican la biodiversidad que sostienen el Parque Nacional Coiba, sitio Patrimonio de la Humanidad.<\/p>\t\t\t\t\t\t<\/div>\n\t\t\t\t<\/div>\n\t\t\t\t\t<\/div>\n\t\t<\/div>\n\t\t\t\t\t\t\t<\/div>\n\t\t<\/section>\n\t\t\t\t<section class=\"elementor-section elementor-top-section elementor-element elementor-element-f7781bb elementor-section-boxed elementor-section-height-default elementor-section-height-default qodef-elementor-content-no\" data-id=\"f7781bb\" data-element_type=\"section\">\n\t\t\t\t\t\t<div class=\"elementor-container elementor-column-gap-default\">\n\t\t\t\t\t<div class=\"elementor-column elementor-col-100 elementor-top-column elementor-element elementor-element-53e7db4\" data-id=\"53e7db4\" data-element_type=\"column\">\n\t\t\t<div class=\"elementor-widget-wrap elementor-element-populated\">\n\t\t\t\t\t\t\t\t<div class=\"elementor-element elementor-element-c97d189 elementor-widget elementor-widget-text-editor\" data-id=\"c97d189\" data-element_type=\"widget\" data-widget_type=\"text-editor.default\">\n\t\t\t\t<div class=\"elementor-widget-container\">\n\t\t\t\t\t\t\t<p>El desarrollo de la infraestructura y equipamiento fue posible gracias al apoyo de la Secretaria Nacional de Ciencia, Tecnolog\u00eda e Innovaci\u00f3n (SENACYT) y el apoyo de la Universidad de Panam\u00e1 (UP) y del Fondo Coiba que recibe la UP, producto de los ingresos por las entradas al Parque Nacional Coiba.<\/p>\t\t\t\t\t\t<\/div>\n\t\t\t\t<\/div>\n\t\t\t\t\t<\/div>\n\t\t<\/div>\n\t\t\t\t\t\t\t<\/div>\n\t\t<\/section>\n\t\t\t\t<section class=\"elementor-section elementor-top-section elementor-element elementor-element-1c849ff elementor-section-boxed elementor-section-height-default elementor-section-height-default qodef-elementor-content-no\" data-id=\"1c849ff\" data-element_type=\"section\">\n\t\t\t\t\t\t<div class=\"elementor-container elementor-column-gap-default\">\n\t\t\t\t\t<div class=\"elementor-column elementor-col-100 elementor-top-column elementor-element elementor-element-0f1a77f\" data-id=\"0f1a77f\" data-element_type=\"column\">\n\t\t\t<div class=\"elementor-widget-wrap elementor-element-populated\">\n\t\t\t\t\t\t\t\t<div class=\"elementor-element elementor-element-0e00957 elementor-widget elementor-widget-text-editor\" data-id=\"0e00957\" data-element_type=\"widget\" data-widget_type=\"text-editor.default\">\n\t\t\t\t<div class=\"elementor-widget-container\">\n\t\t\t\t\t\t\t<p><span style=\"background-color: rgb(255, 255, 255); font-size: 13pt; font-family: Arial, sans-serif; color: black; background-position: initial;\">Esta plataforma es posible gracias al apoyo de Conservaci\u00f3n Internacional, Blue Action Fund y Eastern Tropical Pacific Seascape, Fundaci\u00f3n Marviva, Re: Wild y la Secretar\u00eda Nacional de Ciencia Tecnolog\u00eda e Innovaci\u00f3n.&nbsp; En la misma se presentar\u00e1n de forma gr\u00e1fica los resultados de los seguimientos estad\u00edsticos de las pesquer\u00edas que se desarrollan en los Golfos de Chiriqu\u00ed y Montijo<\/span><span style=\"color: rgb(34, 34, 34); font-family: Calibri, sans-serif; font-size: 14.6667px; background-color: rgb(255, 255, 255);\">.<\/span><br><\/p>\t\t\t\t\t\t<\/div>\n\t\t\t\t<\/div>\n\t\t\t\t\t<\/div>\n\t\t<\/div>\n\t\t\t\t\t\t\t<\/div>\n\t\t<\/section>\n\t\t\t\t\t\t\t<\/div>\n\t\t","protected":false},"excerpt":{"rendered":"<p>El CCIMBIO-Coiba es un centro de investigaci\u00f3n pensado y desarrollado para la investigaci\u00f3n de la biodiversidad en el Parque Nacional Coiba, la Zona Especial de Protecci\u00f3n Marina de Banco Hannibal y Montuosa, as\u00ed como la zona de influencia, localizada en el \u00e1rea costera de las provincias de Veraguas y Chiriqu\u00ed. Es un Centro multidisciplinario que [&hellip;]<\/p>\n","protected":false},"author":1,"featured_media":0,"parent":0,"menu_order":0,"comment_status":"closed","ping_status":"closed","template":"","meta":[],"_links":{"self":[{"href":"https:\/\/portal.seccimbio.com\/cms\/wp-json\/wp\/v2\/pages\/24"}],"collection":[{"href":"https:\/\/portal.seccimbio.com\/cms\/wp-json\/wp\/v2\/pages"}],"about":[{"href":"https:\/\/portal.seccimbio.com\/cms\/wp-json\/wp\/v2\/types\/page"}],"author":[{"embeddable":true,"href":"https:\/\/portal.seccimbio.com\/cms\/wp-json\/wp\/v2\/users\/1"}],"replies":[{"embeddable":true,"href":"https:\/\/portal.seccimbio.com\/cms\/wp-json\/wp\/v2\/comments?post=24"}],"version-history":[{"count":19,"href":"https:\/\/portal.seccimbio.com\/cms\/wp-json\/wp\/v2\/pages\/24\/revisions"}],"predecessor-version":[{"id":379,"href":"https:\/\/portal.seccimbio.com\/cms\/wp-json\/wp\/v2\/pages\/24\/revisions\/379"}],"wp:attachment":[{"href":"https:\/\/portal.seccimbio.com\/cms\/wp-json\/wp\/v2\/media?parent=24"}],"curies":[{"name":"wp","href":"https:\/\/api.w.org\/{rel}","templated":true}]}}