{"id":209,"date":"2023-02-22T15:56:53","date_gmt":"2023-02-22T15:56:53","guid":{"rendered":"http:\/\/portal.seccimbio.com\/cms\/?page_id=209"},"modified":"2023-06-11T16:58:27","modified_gmt":"2023-06-11T16:58:27","slug":"investigadores","status":"publish","type":"page","link":"https:\/\/portal.seccimbio.com\/cms\/investigadores\/","title":{"rendered":"Investigadores"},"content":{"rendered":"\t\t<div data-elementor-type=\"wp-page\" data-elementor-id=\"209\" class=\"elementor elementor-209\">\n\t\t\t\t\t\t\t\t\t<section class=\"elementor-section elementor-top-section elementor-element elementor-element-8dfca83 elementor-section-boxed elementor-section-height-default elementor-section-height-default qodef-elementor-content-no\" data-id=\"8dfca83\" data-element_type=\"section\">\n\t\t\t\t\t\t<div class=\"elementor-container elementor-column-gap-default\">\n\t\t\t\t\t<div class=\"elementor-column elementor-col-50 elementor-top-column elementor-element elementor-element-1db34d5\" data-id=\"1db34d5\" data-element_type=\"column\">\n\t\t\t<div class=\"elementor-widget-wrap elementor-element-populated\">\n\t\t\t\t\t\t\t\t<div class=\"elementor-element elementor-element-425424d elementor-widget elementor-widget-image\" data-id=\"425424d\" data-element_type=\"widget\" data-widget_type=\"image.default\">\n\t\t\t\t<div class=\"elementor-widget-container\">\n\t\t\t<style>\/*! elementor - v3.11.1 - 15-02-2023 *\/\n.elementor-widget-image{text-align:center}.elementor-widget-image a{display:inline-block}.elementor-widget-image a img[src$=\".svg\"]{width:48px}.elementor-widget-image img{vertical-align:middle;display:inline-block}<\/style>\t\t\t\t\t\t\t\t\t\t\t\t<img decoding=\"async\" width=\"400\" height=\"338\" src=\"https:\/\/portal.seccimbio.com\/cms\/wp-content\/uploads\/2023\/06\/AJV_Photo-1.jpg\" class=\"attachment-large size-large wp-image-329\" alt=\"\" loading=\"lazy\" srcset=\"https:\/\/portal.seccimbio.com\/cms\/wp-content\/uploads\/2023\/06\/AJV_Photo-1.jpg 400w, https:\/\/portal.seccimbio.com\/cms\/wp-content\/uploads\/2023\/06\/AJV_Photo-1-300x254.jpg 300w\" sizes=\"(max-width: 400px) 100vw, 400px\" \/>\t\t\t\t\t\t\t\t\t\t\t\t\t\t\t<\/div>\n\t\t\t\t<\/div>\n\t\t\t\t\t<\/div>\n\t\t<\/div>\n\t\t\t\t<div class=\"elementor-column elementor-col-50 elementor-top-column elementor-element elementor-element-f1deb69\" data-id=\"f1deb69\" data-element_type=\"column\">\n\t\t\t<div class=\"elementor-widget-wrap elementor-element-populated\">\n\t\t\t\t\t\t\t\t<div class=\"elementor-element elementor-element-ceede9f elementor-widget elementor-widget-text-editor\" data-id=\"ceede9f\" data-element_type=\"widget\" data-widget_type=\"text-editor.default\">\n\t\t\t\t<div class=\"elementor-widget-container\">\n\t\t\t<style>\/*! elementor - v3.11.1 - 15-02-2023 *\/\n.elementor-widget-text-editor.elementor-drop-cap-view-stacked .elementor-drop-cap{background-color:#818a91;color:#fff}.elementor-widget-text-editor.elementor-drop-cap-view-framed .elementor-drop-cap{color:#818a91;border:3px solid;background-color:transparent}.elementor-widget-text-editor:not(.elementor-drop-cap-view-default) .elementor-drop-cap{margin-top:8px}.elementor-widget-text-editor:not(.elementor-drop-cap-view-default) .elementor-drop-cap-letter{width:1em;height:1em}.elementor-widget-text-editor .elementor-drop-cap{float:left;text-align:center;line-height:1;font-size:50px}.elementor-widget-text-editor .elementor-drop-cap-letter{display:inline-block}<\/style>\t\t\t\t<p><strong>Prof. Angel Javier Vega<\/strong><\/p><p><strong>Empleo:<\/strong><\/p><p>1987-05-28 hasta la fecha | Docente (Biolog\u00eda Marina y Limnolog\u00eda)<\/p><p><strong>Educaci\u00f3n:<\/strong><\/p><p>Universidad de Costa Rica: San Jose, San Jos\u00e9, CR<br \/>1992-03 hasta 1994-03 | Maestro en ciencias (Sistema de postgrado)<\/p><p>Universidad de la Habana: La Habana, La Habana, CU<br \/>1980-08 hasta 1985-07 | Licencitura (Biolog\u00eda)<\/p><p><strong>Distinciones:<\/strong><\/p><p>Secretar\u00eda Nacional de Ciencia, Tecnolog\u00eda e Innovaci\u00f3n: Panam\u00e1, Panam\u00e1, PA<br \/>2016-10 | Premio a la Excelencia en investigaci\u00f3n 2016 (Investigaci\u00f3n y Desarrollo)<\/p><p>Ministerio de Ambiente: Panam\u00e1, Panam\u00e1, PA<br \/>2008 | Premio a la excelencia en la Investigaci\u00f3n Ambiental (Ministerio de Ambiente)<\/p>\t\t\t\t\t\t<\/div>\n\t\t\t\t<\/div>\n\t\t\t\t\t<\/div>\n\t\t<\/div>\n\t\t\t\t\t\t\t<\/div>\n\t\t<\/section>\n\t\t\t\t\t\t\t<\/div>\n\t\t","protected":false},"excerpt":{"rendered":"<p>Prof. Angel Javier Vega Empleo: 1987-05-28 hasta la fecha | Docente (Biolog\u00eda Marina y Limnolog\u00eda) Educaci\u00f3n: Universidad de Costa Rica: San Jose, San Jos\u00e9, CR1992-03 hasta 1994-03 | Maestro en ciencias (Sistema de postgrado) Universidad de la Habana: La Habana, La Habana, CU1980-08 hasta 1985-07 | Licencitura (Biolog\u00eda) Distinciones: Secretar\u00eda Nacional de Ciencia, Tecnolog\u00eda e [&hellip;]<\/p>\n","protected":false},"author":1,"featured_media":0,"parent":0,"menu_order":0,"comment_status":"closed","ping_status":"closed","template":"","meta":[],"_links":{"self":[{"href":"https:\/\/portal.seccimbio.com\/cms\/wp-json\/wp\/v2\/pages\/209"}],"collection":[{"href":"https:\/\/portal.seccimbio.com\/cms\/wp-json\/wp\/v2\/pages"}],"about":[{"href":"https:\/\/portal.seccimbio.com\/cms\/wp-json\/wp\/v2\/types\/page"}],"author":[{"embeddable":true,"href":"https:\/\/portal.seccimbio.com\/cms\/wp-json\/wp\/v2\/users\/1"}],"replies":[{"embeddable":true,"href":"https:\/\/portal.seccimbio.com\/cms\/wp-json\/wp\/v2\/comments?post=209"}],"version-history":[{"count":14,"href":"https:\/\/portal.seccimbio.com\/cms\/wp-json\/wp\/v2\/pages\/209\/revisions"}],"predecessor-version":[{"id":333,"href":"https:\/\/portal.seccimbio.com\/cms\/wp-json\/wp\/v2\/pages\/209\/revisions\/333"}],"wp:attachment":[{"href":"https:\/\/portal.seccimbio.com\/cms\/wp-json\/wp\/v2\/media?parent=209"}],"curies":[{"name":"wp","href":"https:\/\/api.w.org\/{rel}","templated":true}]}}